{"id":1618,"date":"2022-07-12T22:35:10","date_gmt":"2022-07-12T22:35:10","guid":{"rendered":"https:\/\/reativarambiental.com.br\/?page_id=1618"},"modified":"2025-01-04T14:45:08","modified_gmt":"2025-01-04T14:45:08","slug":"quem-faz","status":"publish","type":"page","link":"https:\/\/reativarambiental.com.br\/?page_id=1618","title":{"rendered":"Sobre n\u00f3s"},"content":{"rendered":"\n<p>A Editora Reativar Ambiental nasce como uma proposta alternativa de publicizar documentos acad\u00eamicos em diferentes ramos das ci\u00eancias, sejam elas interligadas ou n\u00e3o. Par\u00e2metros relevantes como a qualidade, efici\u00eancia, honestidade, clareza e tempestividade est\u00e3o e sempre estiveram no nosso escopo e o aprimoramento destes fazem da Editora um ambiente respeitado em esferas locais a internacionais. <\/p>\n\n\n\n<p>Devido a forma\u00e7\u00e3o dos volunt\u00e1rios da referida, o nosso foco est\u00e1 sobre manuten\u00e7\u00e3o de peri\u00f3dicos em acesso aberto, sempre respeitando as limita\u00e7\u00f5es de cada revista e cada hist\u00f3ria proposta por elas diante os seus objetivos espec\u00edficos. <\/p>\n\n\n\n<p><strong>Nossa miss\u00e3o \u00e9<\/strong>: Entregar qualidade e respeito m\u00e1ximo nos servi\u00e7os prestados, de modo honesto, \u00e9tico e justo.<\/p>\n\n\n\n<p><strong>Nossa vis\u00e3o \u00e9<\/strong>: Estabelecer at\u00e9 2025 para todos os peri\u00f3dicos organizados pela Editora a respeitabilidade e o reconhecimento nacional. Em longo prazo, at\u00e9 2030 estar entre os peri\u00f3dicos refer\u00eancia para a \u00e1rea em quest\u00e3o nacional e internacional, como tamb\u00e9m entregar os servi\u00e7os com excel\u00eancia, estando presente como uma editora consolidada.<\/p>\n\n\n\n<p><strong>Sobre o site<\/strong>: Al\u00e9m de promover servi\u00e7os editoriais espec\u00edficos, o site institucional da Editora Reativar Ambiental tamb\u00e9m conhecido como &#8220;Portal Meio Ambiente em Revista&#8221; \u00e9 um compilado das not\u00edcias e artigos recebidos pelos peri\u00f3dicos regidos pelos editores parceiros, sendo um local importante para realiza\u00e7\u00e3o de pesquisas e leitura di\u00e1ria. <\/p>\n\n\n\n<p><strong>E-mails principais<\/strong>:  reativarambiental@gmail.com \/\/ reativar.ambiental@reativarambiental.com.br<\/p>\n\n\n\n<h2><\/h2>\n\n\n\n<p><strong>Informa\u00e7\u00f5es p\u00fablicas:<\/strong><\/p>\n\n\n\n<p><strong>CNPJ<\/strong>: 36.750.298\/0001-02<\/p>\n\n\n\n<p><strong>Nome Fantasia<\/strong>: Editora Reativar Ambiental<\/p>\n\n\n\n<p><strong>Raz\u00e3o Social<\/strong>: ANGELA MARIA CLEMENTE DO LIVRAMENTO \/\/ ANGELA MARIA CLEMENTE DO LIVRAMENTO 10692946403<\/p>\n\n\n\n<p><strong>Sede<\/strong>: Pernambuco (Brasil)<\/p>\n","protected":false},"excerpt":{"rendered":"<p>A Editora Reativar Ambiental nasce como uma proposta alternativa de publicizar documentos acad\u00eamicos em diferentes ramos das ci\u00eancias, sejam elas<\/p>\n","protected":false},"author":2,"featured_media":0,"parent":0,"menu_order":0,"comment_status":"closed","ping_status":"closed","template":"","meta":{"om_disable_all_campaigns":false,"_monsterinsights_skip_tracking":false,"_monsterinsights_sitenote_active":false,"_monsterinsights_sitenote_note":"","_monsterinsights_sitenote_category":0},"aioseo_notices":[],"_links":{"self":[{"href":"https:\/\/reativarambiental.com.br\/index.php?rest_route=\/wp\/v2\/pages\/1618"}],"collection":[{"href":"https:\/\/reativarambiental.com.br\/index.php?rest_route=\/wp\/v2\/pages"}],"about":[{"href":"https:\/\/reativarambiental.com.br\/index.php?rest_route=\/wp\/v2\/types\/page"}],"author":[{"embeddable":true,"href":"https:\/\/reativarambiental.com.br\/index.php?rest_route=\/wp\/v2\/users\/2"}],"replies":[{"embeddable":true,"href":"https:\/\/reativarambiental.com.br\/index.php?rest_route=%2Fwp%2Fv2%2Fcomments&post=1618"}],"version-history":[{"count":13,"href":"https:\/\/reativarambiental.com.br\/index.php?rest_route=\/wp\/v2\/pages\/1618\/revisions"}],"predecessor-version":[{"id":3221,"href":"https:\/\/reativarambiental.com.br\/index.php?rest_route=\/wp\/v2\/pages\/1618\/revisions\/3221"}],"wp:attachment":[{"href":"https:\/\/reativarambiental.com.br\/index.php?rest_route=%2Fwp%2Fv2%2Fmedia&parent=1618"}],"curies":[{"name":"wp","href":"https:\/\/api.w.org\/{rel}","templated":true}]}}