{"id":1622,"date":"2022-07-12T23:03:21","date_gmt":"2022-07-12T23:03:21","guid":{"rendered":"https:\/\/reativarambiental.com.br\/?page_id=1622"},"modified":"2023-11-21T03:57:20","modified_gmt":"2023-11-21T03:57:20","slug":"isbn-e-ficha-catalografica","status":"publish","type":"page","link":"https:\/\/reativarambiental.com.br\/?page_id=1622","title":{"rendered":"ISBN e Ficha Catalogr\u00e1fica"},"content":{"rendered":"\n<p>ISBN e Ficha Catalogr\u00e1fica (Solicita\u00e7\u00e3o)<\/p>\n\n\n\n<p>Descri\u00e7\u00e3o t\u00e9cnica do produto<\/p>\n\n\n\n<p>A disponibiliza\u00e7\u00e3o do registro ISBN e\/ ou ficha catalogr\u00e1fica.&nbsp;<\/p>\n\n\n\n<p>Previs\u00e3o de entrega: em at\u00e9 30 dias \u00fateis ap\u00f3s confirma\u00e7\u00e3o de pagamento.<\/p>\n\n\n\n<p><strong>Pre\u00e7o ISBN: 130 Reais (Cento e Trinta Reais)<\/strong><\/p>\n\n\n\n<p><strong>Pre\u00e7o Ficha Catalogr\u00e1fica 110 reais (Cento e dez reais)<\/strong><\/p>\n\n\n\n<p><strong>Pre\u00e7o ISBN + Ficha Catalogr\u00e1fica 220 reais (Duzentos e Vinte reais)<\/strong><\/p>\n\n\n\n<p>Essa op\u00e7\u00e3o \u00e9 recomendada para os pesquisadores j\u00e1 preparam o livro fora da editora e precisa apenas da emiss\u00e3o do registro ISBN e\/ou a Ficha Catalogr\u00e1fica. Caso haja interesse em nessa op\u00e7\u00e3o,&nbsp;<strong>responda o formul\u00e1rio abaixo<\/strong>&nbsp;ou ent\u00e3o&nbsp;<strong>envie um e-mail<\/strong>: reativarambiental@gmail.com com o t\u00edtulo &#8220;Solicita\u00e7\u00e3o ISBN Ficha Catalogr\u00e1fica&#8221;<\/p>\n\n\n\n<p><strong>ATEN\u00c7\u00c3O:<\/strong>\u00a0Vale ressaltar que ao solicitar essa op\u00e7\u00e3o,\u00a0<strong>n\u00f3s n\u00e3o nos responsabilizaremos<\/strong>\u00a0por capa, editora\u00e7\u00e3o ou organiza\u00e7\u00e3o de sum\u00e1rio, imagens ou outros pormenores do trabalho. Apenas emitiremos o registro ISBN e\/ou Ficha Catalogr\u00e1fica Solicitada. \u00a0Iremos entrar em contato com voc\u00ea ap\u00f3s preenchimento dos dados.<\/p>\n\n\n\n<iframe src=\"https:\/\/docs.google.com\/forms\/d\/e\/1FAIpQLSeEOozu4zevsM1le64r7IwOlDhbZSS8cpqzehUGYPo5Q_W1Kg\/viewform?embedded=true\" width=\"640\" height=\"1757\" frameborder=\"0\" marginheight=\"0\" marginwidth=\"0\">Carregando\u2026<\/iframe>\n\n\n\n<p><\/p>\n","protected":false},"excerpt":{"rendered":"<p>ISBN e Ficha Catalogr\u00e1fica (Solicita\u00e7\u00e3o) Descri\u00e7\u00e3o t\u00e9cnica do produto A disponibiliza\u00e7\u00e3o do registro ISBN e\/ ou ficha catalogr\u00e1fica.&nbsp; Previs\u00e3o de<\/p>\n","protected":false},"author":2,"featured_media":0,"parent":0,"menu_order":0,"comment_status":"closed","ping_status":"closed","template":"","meta":{"om_disable_all_campaigns":false,"_monsterinsights_skip_tracking":false,"_monsterinsights_sitenote_active":false,"_monsterinsights_sitenote_note":"","_monsterinsights_sitenote_category":0},"aioseo_notices":[],"_links":{"self":[{"href":"https:\/\/reativarambiental.com.br\/index.php?rest_route=\/wp\/v2\/pages\/1622"}],"collection":[{"href":"https:\/\/reativarambiental.com.br\/index.php?rest_route=\/wp\/v2\/pages"}],"about":[{"href":"https:\/\/reativarambiental.com.br\/index.php?rest_route=\/wp\/v2\/types\/page"}],"author":[{"embeddable":true,"href":"https:\/\/reativarambiental.com.br\/index.php?rest_route=\/wp\/v2\/users\/2"}],"replies":[{"embeddable":true,"href":"https:\/\/reativarambiental.com.br\/index.php?rest_route=%2Fwp%2Fv2%2Fcomments&post=1622"}],"version-history":[{"count":4,"href":"https:\/\/reativarambiental.com.br\/index.php?rest_route=\/wp\/v2\/pages\/1622\/revisions"}],"predecessor-version":[{"id":3176,"href":"https:\/\/reativarambiental.com.br\/index.php?rest_route=\/wp\/v2\/pages\/1622\/revisions\/3176"}],"wp:attachment":[{"href":"https:\/\/reativarambiental.com.br\/index.php?rest_route=%2Fwp%2Fv2%2Fmedia&parent=1622"}],"curies":[{"name":"wp","href":"https:\/\/api.w.org\/{rel}","templated":true}]}}