{"id":1627,"date":"2022-07-12T23:06:21","date_gmt":"2022-07-12T23:06:21","guid":{"rendered":"https:\/\/reativarambiental.com.br\/?page_id=1627"},"modified":"2023-11-21T04:21:57","modified_gmt":"2023-11-21T04:21:57","slug":"solicite-um-livro-on-line","status":"publish","type":"page","link":"https:\/\/reativarambiental.com.br\/?page_id=1627","title":{"rendered":"Solicite um livro (On-line)"},"content":{"rendered":"\n<p><strong>Solicite um livro (Online) \u2013 Ebook<\/strong><\/p>\n\n\n\n<p>A finaliza\u00e7\u00e3o de um trabalho acad\u00eamico \u00e9 sem d\u00favida um importante passo em sua carreira profissional. E possibilitar o acesso aos resultados de sua pesquisa para o p\u00fablico em geral atrav\u00e9s de uma publica\u00e7\u00e3o no formato livro \u00e9 outro importante passo que pode ser dado por voc\u00ea. No entanto, muitos pesquisadores e demais profissionais das mais diversas \u00e1reas se deparam com problemas na hora de concretizar os planos de publica\u00e7\u00e3o de suas pesquisas.<\/p>\n\n\n\n<p>Ademais, a produ\u00e7\u00e3o ou participa\u00e7\u00e3o em um livro como cap\u00edtulo d\u00e1 para o pesquisador pontua\u00e7\u00f5es importantes para sele\u00e7\u00f5es como as de algumas Especializa\u00e7\u00f5es, Mestrados, Doutorados e Concursos P\u00fablicos, sendo de extrema import\u00e2ncia t\u00ea-las para se mais competitivos.<\/p>\n\n\n\n<p><strong>CONFIRA OS ITENS DO PACOTE<\/strong><\/p>\n\n\n\n<p><strong>E-BOOK ACAD\u00caMICO<\/strong><\/p>\n\n\n\n<ul><li>Registro ISBN para o seu e-book;<\/li><\/ul>\n\n\n\n<ul><li>Ficha catalogr\u00e1fica elaborada obedecendo rigidamente os padr\u00f5es, normas e diretrizes dos C\u00f3digos de Cataloga\u00e7\u00e3o e Classifica\u00e7\u00e3o vigentes;<\/li><\/ul>\n\n\n\n<ul><li>Diagrama\u00e7\u00e3o ou adequa\u00e7\u00e3o para o formato e-book\/PDF com sum\u00e1rio no arquivo;<\/li><\/ul>\n\n\n\n<ul><li>Otimiza\u00e7\u00e3o do e-book para melhor indexa\u00e7\u00e3o nos mecanismos de buscas;<\/li><\/ul>\n\n\n\n<ul><li>Capa e contra capa padr\u00e3o da Editora (Cortesia e opcional. O pesquisador pode enviar sua pr\u00f3pria capa);<\/li><\/ul>\n\n\n\n<ul><li>P\u00e1gina Online para sua publica\u00e7\u00e3o configurada para ser indexada no Google, dispon\u00edvel na internet por tempo indeterminado e sem custos adicionais de manuten\u00e7\u00e3o;<\/li><\/ul>\n\n\n\n<ul><li>Apresenta\u00e7\u00e3o de seu livro em peri\u00f3dicos da Editora Reativar Ambiental e Parceiros, para que se propague ainda mais os seus resultados de pesquisas.<\/li><\/ul>\n\n\n\n<p><strong>SOLICITE UM OR\u00c7AMENTO<\/strong><\/p>\n\n\n\n<p><strong>PACOTE 1 &#8211; At\u00e9 100 p\u00e1ginas<\/strong><\/p>\n\n\n\n<p><strong>PACOTE 2 &#8211; At\u00e9 250 p\u00e1ginas<\/strong><\/p>\n\n\n\n<p><strong>PACOTE 3 &#8211; At\u00e9 500 p\u00e1ginas<\/strong><\/p>\n\n\n\n<p><strong>PACOTE 4 &#8211; Entre 501 a 1000 p\u00e1ginas<\/strong><\/p>\n\n\n\n<p><strong>PARA PRE\u00c7OS E COTA\u00c7\u00d5ES ENTRE EM CONTATO<\/strong> <strong>ABAIXO<\/strong><\/p>\n\n\n\n<iframe src=\"https:\/\/docs.google.com\/forms\/d\/e\/1FAIpQLScS8Xk0gf-d36cdj3SRMDe3AYR13JVx7mqzYOLUphIGtVzBYw\/viewform?embedded=true\" width=\"640\" height=\"775\" frameborder=\"0\" marginheight=\"0\" marginwidth=\"0\">Carregando\u2026<\/iframe>\n","protected":false},"excerpt":{"rendered":"<p>Solicite um livro (Online) \u2013 Ebook A finaliza\u00e7\u00e3o de um trabalho acad\u00eamico \u00e9 sem d\u00favida um importante passo em sua<\/p>\n","protected":false},"author":2,"featured_media":0,"parent":0,"menu_order":0,"comment_status":"closed","ping_status":"closed","template":"","meta":{"om_disable_all_campaigns":false,"_monsterinsights_skip_tracking":false,"_monsterinsights_sitenote_active":false,"_monsterinsights_sitenote_note":"","_monsterinsights_sitenote_category":0},"aioseo_notices":[],"_links":{"self":[{"href":"https:\/\/reativarambiental.com.br\/index.php?rest_route=\/wp\/v2\/pages\/1627"}],"collection":[{"href":"https:\/\/reativarambiental.com.br\/index.php?rest_route=\/wp\/v2\/pages"}],"about":[{"href":"https:\/\/reativarambiental.com.br\/index.php?rest_route=\/wp\/v2\/types\/page"}],"author":[{"embeddable":true,"href":"https:\/\/reativarambiental.com.br\/index.php?rest_route=\/wp\/v2\/users\/2"}],"replies":[{"embeddable":true,"href":"https:\/\/reativarambiental.com.br\/index.php?rest_route=%2Fwp%2Fv2%2Fcomments&post=1627"}],"version-history":[{"count":7,"href":"https:\/\/reativarambiental.com.br\/index.php?rest_route=\/wp\/v2\/pages\/1627\/revisions"}],"predecessor-version":[{"id":3183,"href":"https:\/\/reativarambiental.com.br\/index.php?rest_route=\/wp\/v2\/pages\/1627\/revisions\/3183"}],"wp:attachment":[{"href":"https:\/\/reativarambiental.com.br\/index.php?rest_route=%2Fwp%2Fv2%2Fmedia&parent=1627"}],"curies":[{"name":"wp","href":"https:\/\/api.w.org\/{rel}","templated":true}]}}