{"id":1646,"date":"2022-07-12T23:23:22","date_gmt":"2022-07-12T23:23:22","guid":{"rendered":"https:\/\/reativarambiental.com.br\/?page_id=1646"},"modified":"2024-06-30T03:35:41","modified_gmt":"2024-06-30T03:35:41","slug":"historico","status":"publish","type":"page","link":"https:\/\/reativarambiental.com.br\/?page_id=1646","title":{"rendered":"Hist\u00f3rico"},"content":{"rendered":"\n<p><strong>O INIC\u00cdO E OS OS PENSAMENTOS INICIAIS<\/strong> <strong>(2011 &#8211; 2015)<\/strong><\/p>\n\n\n\n<p>A busca principal do &#8220;projeto Reativar&#8221;, em in\u00edcio era um correto alinhamento de fatores que trouxessem aceita\u00e7\u00e3o de pr\u00e1ticas agroecol\u00f3gicas dos alunos relacionando-as com as categorias geogr\u00e1ficas. Foi no segundo semestre de 2011, com o ingresso de um dos idealizadores do site ao est\u00e1gio de auxiliar de Reg\u00eancia em Geografia e a cria\u00e7\u00e3o da horta em \u00e2mbito escolar que o projeto p\u00f4de ter inicio pr\u00e1tico: o Reativar Ambiental ganhou eixo realiz\u00e1vel fora do papel.<\/p>\n\n\n\n<p>A idealiza\u00e7\u00e3o do projeto na internet por sua vez, partiu da uni\u00e3o de grandes CyberAtivistas do grupo com o objetivo de disseminar o que acontecia sobre a vertente ambiental no mundo, atrav\u00e9s da postagens de imagens sobre bem estar, da pr\u00f3pria Reativar Horta, ou mensagens sobre alimenta\u00e7\u00e3o saud\u00e1vel e vida equilibrada. No per\u00edodo de 2011 &#8211; 2013 mantivemos uma horta com a m\u00e9dia de 20 alunos ativos, onde desenvolvemos trabalhos voltados as pr\u00e1ticas da agricultura inclusiva, conscientiza\u00e7\u00e3o e bem estar. Temos bastante orgulho de influenciar muitos estudantes, para o bem.<\/p>\n\n\n\n<p>O amadurecimento, crescimento, desligamento e inclus\u00e3o de v\u00e1rios membros do projeto nos vez repensar e repaginar o Reativar Ambiental como um todo: Afinal, o que \u00e9 Ambiental? Descobrimos que essa palavra n\u00e3o \u00e9 e nunca ser\u00e1 sin\u00f4nimo do f\u00edsico natural, das plantas, das florestas ou do &#8220;verde&#8221; que tanto ouvimos e reproduzimos. O termo ambiental \u00e9 muito mais complexo e profundo, ele envolve todo o tecido social que n\u00f3s, humanos, encontramos. <\/p>\n\n\n\n<p>O Reativar Ambiental, ou Projeto Reativar Ambiental, assim, voltou-se a uma gama de assuntos; os antigos e que perpetuam como a agricultura sustent\u00e1vel, a alimenta\u00e7\u00e3o saud\u00e1vel, a redu\u00e7\u00e3o de agrot\u00f3xicos, os benef\u00edcios do saber popular em rela\u00e7\u00e3o as plantas medicinais e as atividades de bem-estar. E os novos, como o incentivo a leitura, educa\u00e7\u00e3o f\u00edsica, investiga\u00e7\u00e3o cientifica e cr\u00edtica, os movimentos sociais e a difus\u00e3o de conhecimento pessoal. Todos esses pontos aqui levantados podem estar, sob sua an\u00e1lise, a mostra ou n\u00e3o nos nossos meios de propaga\u00e7\u00e3o, todavia, o ponto chave, que \u00e9 a difus\u00e3o de educa\u00e7\u00e3o, estar\u00e1 sempre a frente de nosso trabalho.<\/p>\n\n\n\n<p><strong>NOVAS PROPOSTAS, NOVAS VIS\u00d5ES<\/strong> <strong>(2015 &#8211; 2017)<\/strong><\/p>\n\n\n\n<p>O projeto reativar como esfera educacional em pr\u00e1tica teve sua finaliza\u00e7\u00e3o em dezembro de 2017. Nesse mesmo ano as postagens de todos os projetos propostos foram descontinuados. Contudo, todo conte\u00fado\u00a0 (sob formato on-line) ainda \u00e9 disponibilizado e mantido para a comunidade atrav\u00e9s do blog. A proposta em si n\u00e3o terminou, houve mudan\u00e7as importantes para que novos ventos pudessem ser vistos.<\/p>\n\n\n\n<p>Diante as descontinuidades das antigas propostas, onde o blog e as redes sociais eram o foco principal do projeto. Novos pontos emergiram para o Reativar Ambiental, nos profissionalizamos e estamos entregando produtos mais consistentes e de import\u00e2ncia social. Os peri\u00f3dicos, a possibilidade de emitir livros, consultoria e outros pontos s\u00e3o agora preval\u00eancia no projeto enquanto editora, agora, a Editora Reativar Ambiental, onde pesquisas podem ser expostas como documentos relevantes em revista, existe.<\/p>\n\n\n\n<p>Agora entende-se que atrav\u00e9s da educa\u00e7\u00e3o, reativamos qualquer ambiente.<\/p>\n\n\n\n<p><strong>A EDITORA REATIVAR AMBIENTAL<\/strong> <strong>(2018 &#8211; ATUAL)<\/strong><\/p>\n\n\n\n<p>Assim nasce a Editora Reativar Ambiental em 2018, fruto de um hist\u00f3rico complexo e voltado sempre a dissemina\u00e7\u00e3o de informa\u00e7\u00f5es em prol da educa\u00e7\u00e3o. O amadurecimento dos parceiros que auxiliaram a Reativar Ambiental tamb\u00e9m trouxeram credibilidade e experi\u00eancia na Gest\u00e3o e cria\u00e7\u00e3o de peri\u00f3dicos, indexa\u00e7\u00f5es, cria\u00e7\u00e3o de livros e auxilio em eventos. A Editora conseguiu entrar em patamares n\u00e3o somente nacionais mas tamb\u00e9m internacionais. <\/p>\n\n\n\n<p>A Editora volta-se a produ\u00e7\u00e3o e manuten\u00e7\u00e3o de revistas acad\u00eamicas, dando a comunidade brasileira e internacional amparo para avan\u00e7o na ci\u00eancia de qualidade. Al\u00e9m disso, servi\u00e7os acad\u00eamicos e editoriais s\u00e3o expostos como forma de auxiliar outros pesquisadores e eventos a avan\u00e7arem tamb\u00e9m enquanto documenta\u00e7\u00e3o. <\/p>\n\n\n\n<p>Acreditamos no sucesso da Editora no Brasil e no mundo, agradecemos a todos os envolvidos.<\/p>\n","protected":false},"excerpt":{"rendered":"<p>O INIC\u00cdO E OS OS PENSAMENTOS INICIAIS (2011 &#8211; 2015) A busca principal do &#8220;projeto Reativar&#8221;, em in\u00edcio era um<\/p>\n","protected":false},"author":2,"featured_media":0,"parent":0,"menu_order":0,"comment_status":"closed","ping_status":"closed","template":"","meta":{"om_disable_all_campaigns":false,"_monsterinsights_skip_tracking":false,"_monsterinsights_sitenote_active":false,"_monsterinsights_sitenote_note":"","_monsterinsights_sitenote_category":0},"aioseo_notices":[],"_links":{"self":[{"href":"https:\/\/reativarambiental.com.br\/index.php?rest_route=\/wp\/v2\/pages\/1646"}],"collection":[{"href":"https:\/\/reativarambiental.com.br\/index.php?rest_route=\/wp\/v2\/pages"}],"about":[{"href":"https:\/\/reativarambiental.com.br\/index.php?rest_route=\/wp\/v2\/types\/page"}],"author":[{"embeddable":true,"href":"https:\/\/reativarambiental.com.br\/index.php?rest_route=\/wp\/v2\/users\/2"}],"replies":[{"embeddable":true,"href":"https:\/\/reativarambiental.com.br\/index.php?rest_route=%2Fwp%2Fv2%2Fcomments&post=1646"}],"version-history":[{"count":4,"href":"https:\/\/reativarambiental.com.br\/index.php?rest_route=\/wp\/v2\/pages\/1646\/revisions"}],"predecessor-version":[{"id":3206,"href":"https:\/\/reativarambiental.com.br\/index.php?rest_route=\/wp\/v2\/pages\/1646\/revisions\/3206"}],"wp:attachment":[{"href":"https:\/\/reativarambiental.com.br\/index.php?rest_route=%2Fwp%2Fv2%2Fmedia&parent=1646"}],"curies":[{"name":"wp","href":"https:\/\/api.w.org\/{rel}","templated":true}]}}