{"id":2180,"date":"2022-12-12T03:42:48","date_gmt":"2022-12-12T03:42:48","guid":{"rendered":"https:\/\/reativarambiental.com.br\/?page_id=2180"},"modified":"2026-03-01T23:28:17","modified_gmt":"2026-03-01T23:28:17","slug":"diagramacao-2","status":"publish","type":"page","link":"https:\/\/reativarambiental.com.br\/?page_id=2180","title":{"rendered":"Diagrama\u00e7\u00e3o"},"content":{"rendered":"\n<p><\/p>\n\n\n\n<p class=\"has-medium-font-size\"><strong>[DIAGRAMA\u00c7\u00c3O PARA ARTIGOS DE PERI\u00d3DICOS PARCEIROS &#8211; INTRODU\u00c7\u00c3O]<\/strong><\/p>\n\n\n\n<p>Cada peri\u00f3dico mant\u00e9m sua forma de apresenta\u00e7\u00e3o e essa apresenta\u00e7\u00e3o entrega para os leitores a identidade da revista. Entendemos que respeitar ou o respeito a essa forma de apresenta\u00e7\u00e3o frente as normas da revista \u00e9 um ato relevante de apoio entre o autor-peri\u00f3dico e por esse motivo vimos a justificativa de lan\u00e7ar o servi\u00e7o opcional de diagrama\u00e7\u00e3o para peri\u00f3dicos*, de modo a dar alternativas a pessoas que mant\u00e9m dificuldades em deixar os documentos nas normas ou por algum motivo espec\u00edfico, n\u00e3o deseja fazer esse processo, delegando-o.  <\/p>\n\n\n\n<p>Sendo assim, a diagrama\u00e7\u00e3o pode ser definida como o ajuste necess\u00e1rio para a adequa\u00e7\u00e3o de um documento a determinada finalidade. A diagrama\u00e7\u00e3o respeita regras pr\u00e9 definidas e estabelecidas, de modo a entregar uma informa\u00e7\u00e3o apresent\u00e1vel, no que tange a est\u00e9tica solicitada.<\/p>\n\n\n\n<h2><\/h2>\n\n\n\n<p class=\"has-medium-font-size\"><strong>[SERVI\u00c7O &#8211; INFORMA\u00c7\u00c3O]<\/strong><\/p>\n\n\n\n<p>Em resumo, o servi\u00e7o \u00e9 opcional a escolha do interessado\/a e se manifesta na Diagrama\u00e7\u00e3o do <strong>artigo a ser submetido, recomendado a ajustes na diagrama\u00e7\u00e3o<\/strong> (Artigos com Decis\u00e3o Editorial &#8211; Revis\u00f5es necess\u00e1rias) <strong>ou rejeitado<\/strong> (Artigo com Decis\u00e3o Editorial &#8211; Declinado\/Desenquadrado\/Rejeitado) por desrespeito as aplica\u00e7\u00f5es das normas da <strong>revista parceira da editora*<\/strong> . O autor ou autora poder\u00e1 acionar o servi\u00e7o nas seguintes condi\u00e7\u00f5es:<\/p>\n\n\n\n<p><strong>Artigos a serem submetidos<\/strong>, ao acionar esse servi\u00e7o o autor ou autora n\u00e3o ter\u00e1 a possibilidade de artigo rejeitado por <strong>desrespeito as normas<\/strong> do peri\u00f3dico parceiro*. <strong>O autor pode enviar o documento em qualquer formato<\/strong> (ABNT, APA, Vancouver ou sem regra definida, por exemplo) e a Reativar Ambiental diagramar\u00e1 o artigo de acordo com o peri\u00f3dico escolhido para a submiss\u00e3o. Caso o artigo seja aceito ou tenha revis\u00f5es necess\u00e1rias e ainda precise de alguma poss\u00edvel diagrama\u00e7\u00e3o, essa ser\u00e1 feita pela Editora Reativar Ambiental sem custos adicionais. Vale ressaltar que n\u00e3o nos responsabilizamos por rejei\u00e7\u00f5es do artigo no que se refere ao conte\u00fado e material exposto no documento.<\/p>\n\n\n\n<p><strong>Artigos com Decis\u00e3o Editorial &#8220;Revis\u00f5es Necess\u00e1rias&#8221; &#8211; &#8220;Revis\u00f5es Necess\u00e1rias para aprova\u00e7\u00e3o&#8221;<\/strong>, que tenham <strong>recomenda\u00e7\u00f5es para ajustar o documento dentro das regras da revistas<\/strong> parceiras* poder\u00e3o acionar esse servi\u00e7o e ter o ajuste solicitado pelo peri\u00f3dico feito pela Editora Reativar Ambiental. <\/p>\n\n\n\n<p><strong>Artigos rejeitados por desenquadro ou desrespeito as normas da revista<\/strong>, ao acionar esse servi\u00e7o o artigo <strong>poder\u00e1 ser novamente submetido para peri\u00f3dico parceiro*<\/strong>. Vale ressaltar novamente que n\u00e3o nos responsabilizamos por rejei\u00e7\u00f5es do artigo no que se refere ao conte\u00fado e material exposto no documento, o servi\u00e7o apenas faz a diagrama\u00e7\u00e3o adequada de acordo com as normas do peri\u00f3dico.<\/p>\n\n\n\n<p><strong>Artigos de outros peri\u00f3dicos<\/strong> n\u00e3o parceiros podem ser diagramados pela Editora Reativar Ambiental, contudo, n\u00e3o nos responsabilizamos por rejei\u00e7\u00f5es no que se refere ao conte\u00fado e material exposto no documento. <strong>Recomenda-se antes de solicitar<\/strong> propriamente o servi\u00e7o de diagrama\u00e7\u00e3o para peri\u00f3dicos n\u00e3o parceiros da Editora o envio de questionamento (<strong>via e-mail: reativarambiental@gmail.com ou reativar.ambiental@reativarambiental.com.br<\/strong>) de possibilidade de diagrama\u00e7\u00e3o para o peri\u00f3dico em espec\u00edfico. A quantidade m\u00e1xima de p\u00e1ginas para diagrama\u00e7\u00e3o em artigos de outros peri\u00f3dicos \u00e9 de at\u00e9 25 p\u00e1ginas (com base na estrutura da ABNT layout). <\/p>\n\n\n\n<p><strong>N\u00e3o fazemos diagrama\u00e7\u00e3o<\/strong> de TCC (Trabalho de Conclus\u00e3o de Curso), Disserta\u00e7\u00f5es ou Teses, como tamb\u00e9m <strong>n\u00e3o seccionamos\/transformamos<\/strong> o TCC\/Disserta\u00e7\u00e3o ou Tese em artigos. O servi\u00e7o de diagrama\u00e7\u00e3o n\u00e3o se inclui a revis\u00e3o gramatical &#8211; de portugu\u00eas\/ingl\u00eas, tratando-se apenas da coloca\u00e7\u00e3o do artigo na norma da revista solicitada.<\/p>\n\n\n\n<p>*As revistas parceiras fazem parte do escopo da Editora Reativar Ambiental, sendo a <strong>Revista Brasileira de Meio Ambiente, Revista Brasileira de Sensoriamento Remoto, Meio Ambiente (Brasil) e Educa\u00e7\u00e3o Ambiental (Brasil)<\/strong>.<\/p>\n\n\n\n<p class=\"has-medium-font-size\"><strong>[PRE\u00c7O DO SERVI\u00c7O]<\/strong><\/p>\n\n\n\n<p>Para a solicita\u00e7\u00e3o da diagrama\u00e7\u00e3o, seja ela <strong>anterior a submiss\u00e3o, durante as revis\u00f5es ou depois<\/strong>, com artigos rejeitados por desenquadro, \u00e9 necess\u00e1rio investir o equivalente a <strong>R$ 270,00 (Duzentos e Setenta reais)<\/strong>**.  O pagamento pode ser feito clicando em um dos bot\u00f5es abaixo (PagSeguro ou MercadoPago): <\/p>\n\n\n\n<p>**Em caso de compra em duplicidade, o valor retornado\/estornado ao solicitante ter\u00e3o as dedu\u00e7\u00f5es banc\u00e1rias junto impostos inclu\u00eddos.<\/p>\n\n\n\n<p>Primeiramente, \u00e9 necess\u00e1rio que o autor ou autora esteja <strong>CADASTRADO\/A<\/strong> na <strong>revista parceira*<\/strong> que deseja submeter\/ajustar\/resubmeter o artigo. <\/p>\n\n\n\n<p>Solicita\u00e7\u00f5es de diagrama\u00e7\u00e3o tem <strong>o prazo m\u00e9dio de 3 a 10 dias \u00fateis ap\u00f3s a comprova\u00e7\u00e3o de pagamento para ser conclu\u00edda<\/strong>. <strong>Artigos de revistas n\u00e3o parceiras tem at\u00e9 30 dias para entrega.<\/strong><\/p>\n\n\n\n<p>*As revistas parceiras fazem parte do escopo da Editora Reativar Ambiental, sendo a <strong>Revista Brasileira de Meio Ambiente, Revista Brasileira de Sensoriamento Remoto, Meio Ambiente (Brasil) e Educa\u00e7\u00e3o Ambiental (Brasil)<\/strong>.<\/p>\n\n\n\n<p>**Em caso de compra em duplicidade, o valor retornado ao solicitante ter\u00e3o as dedu\u00e7\u00f5es banc\u00e1rias junto impostos inclu\u00eddos.<\/p>\n\n\n\n<p class=\"has-medium-font-size\"><strong>[QUERO SOLICITAR O SERVI\u00c7O]<\/strong><\/p>\n\n\n\n<iframe src=\"https:\/\/docs.google.com\/forms\/d\/e\/1FAIpQLSexMtDlIkVNvWvQldOzeLrZJvTfh7E_iTGS8DKqc8I_Cl48tg\/viewform?embedded=true\" width=\"640\" height=\"2654\" frameborder=\"0\" marginheight=\"0\" marginwidth=\"0\">Carregando\u2026<\/iframe>\n","protected":false},"excerpt":{"rendered":"<p>[DIAGRAMA\u00c7\u00c3O PARA ARTIGOS DE PERI\u00d3DICOS PARCEIROS &#8211; INTRODU\u00c7\u00c3O] Cada peri\u00f3dico mant\u00e9m sua forma de apresenta\u00e7\u00e3o e essa apresenta\u00e7\u00e3o entrega para<\/p>\n","protected":false},"author":2,"featured_media":0,"parent":0,"menu_order":0,"comment_status":"closed","ping_status":"closed","template":"","meta":{"om_disable_all_campaigns":false,"_monsterinsights_skip_tracking":false,"_monsterinsights_sitenote_active":false,"_monsterinsights_sitenote_note":"","_monsterinsights_sitenote_category":0},"aioseo_notices":[],"_links":{"self":[{"href":"https:\/\/reativarambiental.com.br\/index.php?rest_route=\/wp\/v2\/pages\/2180"}],"collection":[{"href":"https:\/\/reativarambiental.com.br\/index.php?rest_route=\/wp\/v2\/pages"}],"about":[{"href":"https:\/\/reativarambiental.com.br\/index.php?rest_route=\/wp\/v2\/types\/page"}],"author":[{"embeddable":true,"href":"https:\/\/reativarambiental.com.br\/index.php?rest_route=\/wp\/v2\/users\/2"}],"replies":[{"embeddable":true,"href":"https:\/\/reativarambiental.com.br\/index.php?rest_route=%2Fwp%2Fv2%2Fcomments&post=2180"}],"version-history":[{"count":20,"href":"https:\/\/reativarambiental.com.br\/index.php?rest_route=\/wp\/v2\/pages\/2180\/revisions"}],"predecessor-version":[{"id":3287,"href":"https:\/\/reativarambiental.com.br\/index.php?rest_route=\/wp\/v2\/pages\/2180\/revisions\/3287"}],"wp:attachment":[{"href":"https:\/\/reativarambiental.com.br\/index.php?rest_route=%2Fwp%2Fv2%2Fmedia&parent=2180"}],"curies":[{"name":"wp","href":"https:\/\/api.w.org\/{rel}","templated":true}]}}