{"id":3195,"date":"2024-06-30T03:15:16","date_gmt":"2024-06-30T03:15:16","guid":{"rendered":"https:\/\/reativarambiental.com.br\/?page_id=3195"},"modified":"2025-01-04T14:37:17","modified_gmt":"2025-01-04T14:37:17","slug":"indexacoes-2","status":"publish","type":"page","link":"https:\/\/reativarambiental.com.br\/?page_id=3195","title":{"rendered":"Indexa\u00e7\u00f5es"},"content":{"rendered":"\n<p>Para consultoria em indexa\u00e7\u00f5es, solicite or\u00e7amento via e-mail :<\/p>\n\n\n\n<p>reativar.ambiental@reativarambiental.com.br  <\/p>\n\n\n\n<p>reativarambiental@gmail.com  <\/p>\n\n\n\n<p><\/p>\n\n\n\n<p>As indexa\u00e7\u00f5es em peri\u00f3dicos s\u00e3o processos pelos quais revistas cient\u00edficas s\u00e3o inclu\u00eddas em bases de dados ou \u00edndices de pesquisa. Essas bases de dados s\u00e3o usadas por pesquisadores, bibliotecas e institui\u00e7\u00f5es acad\u00eamicas para localizar e acessar artigos cient\u00edficos. <\/p>\n\n\n\n<p>A indexa\u00e7\u00e3o \u00e9 importante porque aumenta a visibilidade e a acessibilidade dos artigos publicados, facilitando a dissemina\u00e7\u00e3o do conhecimento cient\u00edfico. <\/p>\n\n\n\n<p>Algumas das bases de dados mais conhecidas incluem PubMed, Scopus e Web of Science, contudo, existem outras mais basilares que fazem o processo cient\u00edfico e do peri\u00f3dico ganhar crebilidade em \u00e2mbitos regionais, nacionais e internacionais.<\/p>\n\n\n\n<p>A inclus\u00e3o de um peri\u00f3dico em uma dessas bases de dados geralmente indica que ele atende a certos padr\u00f5es de qualidade e relev\u00e2ncia cient\u00edfica.<\/p>\n","protected":false},"excerpt":{"rendered":"<p>Para consultoria em indexa\u00e7\u00f5es, solicite or\u00e7amento via e-mail : reativar.ambiental@reativarambiental.com.br reativarambiental@gmail.com As indexa\u00e7\u00f5es em peri\u00f3dicos s\u00e3o processos pelos quais revistas<\/p>\n","protected":false},"author":2,"featured_media":0,"parent":0,"menu_order":0,"comment_status":"closed","ping_status":"closed","template":"","meta":{"om_disable_all_campaigns":false,"_monsterinsights_skip_tracking":false,"_monsterinsights_sitenote_active":false,"_monsterinsights_sitenote_note":"","_monsterinsights_sitenote_category":0},"aioseo_notices":[],"_links":{"self":[{"href":"https:\/\/reativarambiental.com.br\/index.php?rest_route=\/wp\/v2\/pages\/3195"}],"collection":[{"href":"https:\/\/reativarambiental.com.br\/index.php?rest_route=\/wp\/v2\/pages"}],"about":[{"href":"https:\/\/reativarambiental.com.br\/index.php?rest_route=\/wp\/v2\/types\/page"}],"author":[{"embeddable":true,"href":"https:\/\/reativarambiental.com.br\/index.php?rest_route=\/wp\/v2\/users\/2"}],"replies":[{"embeddable":true,"href":"https:\/\/reativarambiental.com.br\/index.php?rest_route=%2Fwp%2Fv2%2Fcomments&post=3195"}],"version-history":[{"count":3,"href":"https:\/\/reativarambiental.com.br\/index.php?rest_route=\/wp\/v2\/pages\/3195\/revisions"}],"predecessor-version":[{"id":3218,"href":"https:\/\/reativarambiental.com.br\/index.php?rest_route=\/wp\/v2\/pages\/3195\/revisions\/3218"}],"wp:attachment":[{"href":"https:\/\/reativarambiental.com.br\/index.php?rest_route=%2Fwp%2Fv2%2Fmedia&parent=3195"}],"curies":[{"name":"wp","href":"https:\/\/api.w.org\/{rel}","templated":true}]}}